{"id":1016,"date":"2020-09-15T10:28:06","date_gmt":"2020-09-15T16:28:06","guid":{"rendered":"https:\/\/www.mobilitydefense.com\/about\/"},"modified":"2025-10-19T18:53:08","modified_gmt":"2025-10-20T00:53:08","slug":"about","status":"publish","type":"page","link":"https:\/\/www.mobilitydefense.com\/en\/about\/","title":{"rendered":"About Us"},"content":{"rendered":"<div class=\"wp-block-uagb-container uagb-block-ea8750ae alignfull uagb-is-root-container\"><div class=\"uagb-container-inner-blocks-wrap\">\n<div class=\"wp-block-uagb-advanced-heading uagb-block-5d0596af\"><h1 class=\"uagb-heading-text\">ABOUT US<\/h1><\/div>\n<\/div><\/div>\n\n\n\n<div class=\"wp-block-uagb-container uagb-block-32e874b4 alignfull uagb-is-root-container\"><div class=\"uagb-container-inner-blocks-wrap\">\n<div class=\"wp-block-uagb-container uagb-block-b1a2a405\">\n<div class=\"wp-block-uagb-advanced-heading uagb-block-0668094a\"><h5 class=\"uagb-heading-text\">High Quality Technological and Strategic Solutions<\/h5><\/div>\n\n\n\n<div class=\"wp-block-uagb-advanced-heading uagb-block-c24c18e9\"><h3 class=\"uagb-heading-text\">Our company arises in response to the requirements of <strong>comprehensive technological solutions,<\/strong> of clients who require agile responses of high specialization and articulated operation. <\/h3><\/div>\n\n\n\n<div class=\"wp-block-uagb-advanced-heading uagb-block-32221d08\"><h2 class=\"uagb-heading-text\">Finding a permanent solution is our ultimate goal!<\/h2><\/div>\n<\/div>\n\n\n\n<div class=\"wp-block-uagb-container uagb-block-88a9afe9\">\n<div class=\"wp-block-uagb-advanced-heading uagb-block-9337bf5c justificado\"><h3 class=\"uagb-heading-text\">Mobility Defense<\/h3><p class=\"uagb-desc-text\">It is our commercial name that combines two keywords: <strong>\u00abMobility<\/strong>&quot; and &quot;<strong>Defense<\/strong>\u00ab, to create a name that reflects the company&#039;s focus on providing technology, security and services to our customers. The word &quot;<strong>Mobility<\/strong>\u00bb indicates that we are focused on providing flexible and adaptable solutions to the changing needs of our clients. Meanwhile, the word \u00ab<strong>Defending<\/strong>\u00bb shows that the company is focused on providing secure solutions to protect customers from potential threats. Overall, the name <strong>Mobility Defense<\/strong> conveys that the company is a technology consulting and integration firm that helps its clients navigate the complex landscape of modern technology, while ensuring their assets are safe and secure.<\/p><\/div>\n<\/div>\n<\/div><\/div>\n\n\n\n<div class=\"wp-block-uagb-container uagb-block-75614e6f alignfull uagb-is-root-container\"><div class=\"uagb-container-inner-blocks-wrap\">\n<div class=\"wp-block-uagb-container uagb-block-c11f0907\">\n<p class=\"has-black-color has-text-color has-medium-font-size\">We are a company that assists, advises and recommends solutions to companies, to develop their processes to the maximum, optimizing their operation through&nbsp;<strong>technological solutions&nbsp;<\/strong>automation, data collection and management, security, control and information technologies.<\/p>\n<\/div>\n<\/div><\/div>","protected":false},"excerpt":{"rendered":"<p>NOSOTROS Soluciones Tecnol\u00f3gicas y Estrat\u00e9gicas de Alta Calidad Nuestra empresa, surge como respuesta a los requerimientos de soluciones tecnol\u00f3gicas integrales, de los clientes que requieren respuestas \u00e1giles de alta especializaci\u00f3n y de funcionamiento articulado. \u00a1Encontrar una soluci\u00f3n permanente es nuestro objetivo final! Mobility Defense\u200b Es nuestro nombre comercial que combina dos palabras clave: \u00abMobility\u00bb y [&hellip;]<\/p>\n","protected":false},"author":1,"featured_media":0,"parent":0,"menu_order":0,"comment_status":"closed","ping_status":"closed","template":"","meta":{"_uag_custom_page_level_css":"","site-sidebar-layout":"no-sidebar","site-content-layout":"plain-container","ast-site-content-layout":"normal-width-container","site-content-style":"unboxed","site-sidebar-style":"unboxed","ast-global-header-display":"","ast-banner-title-visibility":"","ast-main-header-display":"","ast-hfb-above-header-display":"","ast-hfb-below-header-display":"","ast-hfb-mobile-header-display":"","site-post-title":"disabled","ast-breadcrumbs-content":"","ast-featured-img":"disabled","footer-sml-layout":"","ast-disable-related-posts":"","theme-transparent-header-meta":"enabled","adv-header-id-meta":"","stick-header-meta":"","header-above-stick-meta":"","header-main-stick-meta":"","header-below-stick-meta":"","astra-migrate-meta-layouts":"set","ast-page-background-enabled":"default","ast-page-background-meta":{"desktop":{"background-color":"","background-image":"","background-repeat":"repeat","background-position":"center center","background-size":"auto","background-attachment":"scroll","background-type":"","background-media":"","overlay-type":"","overlay-color":"","overlay-opacity":"","overlay-gradient":""},"tablet":{"background-color":"","background-image":"","background-repeat":"repeat","background-position":"center center","background-size":"auto","background-attachment":"scroll","background-type":"","background-media":"","overlay-type":"","overlay-color":"","overlay-opacity":"","overlay-gradient":""},"mobile":{"background-color":"","background-image":"","background-repeat":"repeat","background-position":"center center","background-size":"auto","background-attachment":"scroll","background-type":"","background-media":"","overlay-type":"","overlay-color":"","overlay-opacity":"","overlay-gradient":""}},"ast-content-background-meta":{"desktop":{"background-color":"var(--ast-global-color-5)","background-image":"","background-repeat":"repeat","background-position":"center center","background-size":"auto","background-attachment":"scroll","background-type":"","background-media":"","overlay-type":"","overlay-color":"","overlay-opacity":"","overlay-gradient":""},"tablet":{"background-color":"var(--ast-global-color-5)","background-image":"","background-repeat":"repeat","background-position":"center center","background-size":"auto","background-attachment":"scroll","background-type":"","background-media":"","overlay-type":"","overlay-color":"","overlay-opacity":"","overlay-gradient":""},"mobile":{"background-color":"var(--ast-global-color-5)","background-image":"","background-repeat":"repeat","background-position":"center center","background-size":"auto","background-attachment":"scroll","background-type":"","background-media":"","overlay-type":"","overlay-color":"","overlay-opacity":"","overlay-gradient":""}},"footnotes":""},"class_list":["post-1016","page","type-page","status-publish","hentry"],"uagb_featured_image_src":{"full":false,"thumbnail":false,"medium":false,"medium_large":false,"large":false,"1536x1536":false,"2048x2048":false,"trp-custom-language-flag":false,"depicter-thumbnail":false},"uagb_author_info":{"display_name":"Nativale","author_link":"https:\/\/www.mobilitydefense.com\/en\/author\/nativale\/"},"uagb_comment_info":0,"uagb_excerpt":"NOSOTROS Soluciones Tecnol\u00f3gicas y Estrat\u00e9gicas de Alta Calidad Nuestra empresa, surge como respuesta a los requerimientos de soluciones tecnol\u00f3gicas integrales, de los clientes que requieren respuestas \u00e1giles de alta especializaci\u00f3n y de funcionamiento articulado. \u00a1Encontrar una soluci\u00f3n permanente es nuestro objetivo final! Mobility Defense\u200b Es nuestro nombre comercial que combina dos palabras clave: \u00abMobility\u00bb y&hellip;","_links":{"self":[{"href":"https:\/\/www.mobilitydefense.com\/en\/wp-json\/wp\/v2\/pages\/1016","targetHints":{"allow":["GET"]}}],"collection":[{"href":"https:\/\/www.mobilitydefense.com\/en\/wp-json\/wp\/v2\/pages"}],"about":[{"href":"https:\/\/www.mobilitydefense.com\/en\/wp-json\/wp\/v2\/types\/page"}],"author":[{"embeddable":true,"href":"https:\/\/www.mobilitydefense.com\/en\/wp-json\/wp\/v2\/users\/1"}],"replies":[{"embeddable":true,"href":"https:\/\/www.mobilitydefense.com\/en\/wp-json\/wp\/v2\/comments?post=1016"}],"version-history":[{"count":43,"href":"https:\/\/www.mobilitydefense.com\/en\/wp-json\/wp\/v2\/pages\/1016\/revisions"}],"predecessor-version":[{"id":1466,"href":"https:\/\/www.mobilitydefense.com\/en\/wp-json\/wp\/v2\/pages\/1016\/revisions\/1466"}],"wp:attachment":[{"href":"https:\/\/www.mobilitydefense.com\/en\/wp-json\/wp\/v2\/media?parent=1016"}],"curies":[{"name":"wp","href":"https:\/\/api.w.org\/{rel}","templated":true}]}}